{"id":1462,"date":"2023-08-09T17:51:38","date_gmt":"2023-08-09T17:51:38","guid":{"rendered":"https:\/\/www.gussetpack.com.tr\/urun\/test-product\/"},"modified":"2023-08-09T17:51:38","modified_gmt":"2023-08-09T17:51:38","slug":"test-urun-en","status":"publish","type":"product","link":"https:\/\/www.gussetpack.com.tr\/en\/urun\/test-urun-en\/","title":{"rendered":"test product"},"content":{"rendered":"<p>test \u00fcr\u00fcn uzun a\u00e7\u0131klama<\/p>\n","protected":false},"excerpt":{"rendered":"<p>test \u00fcr\u00fcn k\u0131sa a\u00e7\u0131klama<\/p>\n","protected":false},"featured_media":0,"template":"","meta":[],"product_cat":[80],"product_tag":[],"class_list":["post-1462","product","type-product","status-publish","hentry","product_cat-general"],"_links":{"self":[{"href":"https:\/\/www.gussetpack.com.tr\/en\/wp-json\/wp\/v3\/product\/1462","targetHints":{"allow":["GET"]}}],"collection":[{"href":"https:\/\/www.gussetpack.com.tr\/en\/wp-json\/wp\/v3\/product"}],"about":[{"href":"https:\/\/www.gussetpack.com.tr\/en\/wp-json\/wp\/v2\/types\/product"}],"wp:attachment":[{"href":"https:\/\/www.gussetpack.com.tr\/en\/wp-json\/wp\/v2\/media?parent=1462"}],"wp:term":[{"taxonomy":"product_cat","embeddable":true,"href":"https:\/\/www.gussetpack.com.tr\/en\/wp-json\/wp\/v2\/product_cat?post=1462"},{"taxonomy":"product_tag","embeddable":true,"href":"https:\/\/www.gussetpack.com.tr\/en\/wp-json\/wp\/v2\/product_tag?post=1462"}],"curies":[{"name":"wp","href":"https:\/\/api.w.org\/{rel}","templated":true}]}}